{"id":259,"date":"2024-11-16T09:14:34","date_gmt":"2024-11-16T12:14:34","guid":{"rendered":"https:\/\/florestabar.com.br\/loja\/?page_id=259"},"modified":"2024-11-16T11:14:30","modified_gmt":"2024-11-16T14:14:30","slug":"promocoes","status":"publish","type":"page","link":"https:\/\/florestabar.com.br\/loja\/promocoes\/","title":{"rendered":"Promo\u00e7\u00f5es"},"content":{"rendered":"<div aria-hidden=\"true\" class=\"wp-block-fsb-flexible-spacer fsb-flexible-spacer\"><div class=\"fsb-flexible-spacer__device fsb-flexible-spacer__device--lg\" style=\"height:100px\"><\/div><div class=\"fsb-flexible-spacer__device fsb-flexible-spacer__device--md\" style=\"height:80px\"><\/div><div class=\"fsb-flexible-spacer__device fsb-flexible-spacer__device--sm\" style=\"height:50px\"><\/div><\/div><h2 class=\"wp-block-heading has-text-align-center\">Promo\u00e7\u00f5es<\/h2><p style=\"text-align: center; color: white;\">Ops! No momento n\u00e3o h\u00e1 promo\u00e7\u00f5es cadastradas. \ud83d\ude41<\/p><\/div><div aria-hidden=\"true\" class=\"wp-block-fsb-flexible-spacer fsb-flexible-spacer\"><div class=\"fsb-flexible-spacer__device fsb-flexible-spacer__device--lg\" style=\"height:100px\"><\/div><div class=\"fsb-flexible-spacer__device fsb-flexible-spacer__device--md\" style=\"height:80px\"><\/div><div class=\"fsb-flexible-spacer__device fsb-flexible-spacer__device--sm\" style=\"height:50px\"><\/div><\/div>","protected":false},"excerpt":{"rendered":"","protected":false},"author":1,"featured_media":0,"parent":0,"menu_order":0,"comment_status":"closed","ping_status":"closed","template":"","meta":{"footnotes":""},"class_list":["post-259","page","type-page","status-publish","hentry"],"acf":[],"_links":{"self":[{"href":"https:\/\/florestabar.com.br\/loja\/wp-json\/wp\/v2\/pages\/259","targetHints":{"allow":["GET"]}}],"collection":[{"href":"https:\/\/florestabar.com.br\/loja\/wp-json\/wp\/v2\/pages"}],"about":[{"href":"https:\/\/florestabar.com.br\/loja\/wp-json\/wp\/v2\/types\/page"}],"author":[{"embeddable":true,"href":"https:\/\/florestabar.com.br\/loja\/wp-json\/wp\/v2\/users\/1"}],"replies":[{"embeddable":true,"href":"https:\/\/florestabar.com.br\/loja\/wp-json\/wp\/v2\/comments?post=259"}],"version-history":[{"count":3,"href":"https:\/\/florestabar.com.br\/loja\/wp-json\/wp\/v2\/pages\/259\/revisions"}],"predecessor-version":[{"id":265,"href":"https:\/\/florestabar.com.br\/loja\/wp-json\/wp\/v2\/pages\/259\/revisions\/265"}],"wp:attachment":[{"href":"https:\/\/florestabar.com.br\/loja\/wp-json\/wp\/v2\/media?parent=259"}],"curies":[{"name":"wp","href":"https:\/\/api.w.org\/{rel}","templated":true}]}}