{"id":62,"date":"2024-11-02T13:54:03","date_gmt":"2024-11-02T13:54:03","guid":{"rendered":"https:\/\/florestabar.com.br\/loja\/?page_id=62"},"modified":"2024-11-16T11:31:19","modified_gmt":"2024-11-16T14:31:19","slug":"pagina-inicial","status":"publish","type":"page","link":"https:\/\/florestabar.com.br\/loja\/","title":{"rendered":"P\u00e1gina inicial"},"content":{"rendered":"<section  class=\"cover-slider \" style=\"\">\n\t<div class=\"swiper\" data-params='{\"slidesPerView\":\"auto\",\"spaceBetween\":30,\"pagination\":{\"el\":\".swiper-pagination\",\"clickable\":true},\"navigation\":{\"nextEl\":\".swiper-button-next\",\"prevEl\":\".swiper-button-prev\"}}'>\n        <div class=\"swiper-wrapper\">\n                                            <div class=\"swiper-slide\">\n                                                    <picture class=\"cover-slider__picture is--desktop\">\n                                <a href=\"https:\/\/floresta.ticket\">\n                                    <img loading=\"lazy\" decoding=\"async\" width=\"4464\" height=\"1926\" src=\"https:\/\/florestabar.com.br\/loja\/wp-content\/uploads\/2024\/11\/reveillon-floresta.png\" class=\"attachment- size-\" alt=\"\" srcset=\"https:\/\/florestabar.com.br\/loja\/wp-content\/uploads\/2024\/11\/reveillon-floresta.png 4464w, https:\/\/florestabar.com.br\/loja\/wp-content\/uploads\/2024\/11\/reveillon-floresta-300x129.png 300w, https:\/\/florestabar.com.br\/loja\/wp-content\/uploads\/2024\/11\/reveillon-floresta-1024x442.png 1024w, https:\/\/florestabar.com.br\/loja\/wp-content\/uploads\/2024\/11\/reveillon-floresta-768x331.png 768w, https:\/\/florestabar.com.br\/loja\/wp-content\/uploads\/2024\/11\/reveillon-floresta-1536x663.png 1536w, https:\/\/florestabar.com.br\/loja\/wp-content\/uploads\/2024\/11\/reveillon-floresta-2048x884.png 2048w, https:\/\/florestabar.com.br\/loja\/wp-content\/uploads\/2024\/11\/reveillon-floresta-416x179.png 416w\" sizes=\"auto, (max-width: 4464px) 100vw, 4464px\" \/>                                <\/a>\n                            <\/picture>\n\n                            <picture class=\"cover-slider__picture is--mobile\">\n                                <a href=\"https:\/\/floresta.ticket\">\n                                    <img loading=\"lazy\" decoding=\"async\" width=\"48\" height=\"64\" src=\"https:\/\/florestabar.com.br\/loja\/wp-includes\/images\/media\/default.svg\" class=\"attachment- size-\" alt=\"\" \/>                                <\/a>\n                            <\/picture>\n                                                <\/div>\n                                            <\/div>\n        <div class=\"swiper-pagination\"><\/div>\n        <div class=\"swiper-button-next\"><\/div>\n        <div class=\"swiper-button-prev\"><\/div>\n\t<\/div>\n<\/section><div style=\"height:100px\" aria-hidden=\"true\" class=\"wp-block-spacer\"><\/div><h2 class=\"wp-block-heading has-text-align-center\">Shows<\/h2><p style=\"text-align: center; color: white;\">Ops! No momento n\u00e3o h\u00e1 shows cadastradas. \ud83d\ude41<\/p><\/div><div style=\"height:100px\" aria-hidden=\"true\" class=\"wp-block-spacer\"><\/div><h2 class=\"wp-block-heading has-text-align-center\">Promo\u00e7\u00f5es<\/h2><p style=\"text-align: center; color: white;\">Ops! No momento n\u00e3o h\u00e1 promo\u00e7\u00f5es cadastradas. \ud83d\ude41<\/p><\/div><div style=\"height:100px\" aria-hidden=\"true\" class=\"wp-block-spacer\"><\/div>","protected":false},"excerpt":{"rendered":"","protected":false},"author":1,"featured_media":0,"parent":0,"menu_order":0,"comment_status":"closed","ping_status":"closed","template":"","meta":{"footnotes":""},"class_list":["post-62","page","type-page","status-publish","hentry"],"acf":[],"_links":{"self":[{"href":"https:\/\/florestabar.com.br\/loja\/wp-json\/wp\/v2\/pages\/62","targetHints":{"allow":["GET"]}}],"collection":[{"href":"https:\/\/florestabar.com.br\/loja\/wp-json\/wp\/v2\/pages"}],"about":[{"href":"https:\/\/florestabar.com.br\/loja\/wp-json\/wp\/v2\/types\/page"}],"author":[{"embeddable":true,"href":"https:\/\/florestabar.com.br\/loja\/wp-json\/wp\/v2\/users\/1"}],"replies":[{"embeddable":true,"href":"https:\/\/florestabar.com.br\/loja\/wp-json\/wp\/v2\/comments?post=62"}],"version-history":[{"count":8,"href":"https:\/\/florestabar.com.br\/loja\/wp-json\/wp\/v2\/pages\/62\/revisions"}],"predecessor-version":[{"id":292,"href":"https:\/\/florestabar.com.br\/loja\/wp-json\/wp\/v2\/pages\/62\/revisions\/292"}],"wp:attachment":[{"href":"https:\/\/florestabar.com.br\/loja\/wp-json\/wp\/v2\/media?parent=62"}],"curies":[{"name":"wp","href":"https:\/\/api.w.org\/{rel}","templated":true}]}}